{"id":11,"date":"2026-03-09T08:51:22","date_gmt":"2026-03-09T08:51:22","guid":{"rendered":"https:\/\/fruteriayalimentacion.rkinformatika.online\/?page_id=11"},"modified":"2026-03-09T12:49:32","modified_gmt":"2026-03-09T12:49:32","slug":"servicios","status":"publish","type":"page","link":"https:\/\/fruteriayalimentacion.com\/eu\/servicios\/","title":{"rendered":"Zerbitzuak"},"content":{"rendered":"<div data-elementor-type=\"wp-page\" data-elementor-id=\"11\" class=\"elementor elementor-11\" data-elementor-post-type=\"page\">\n\t\t\t\t<div class=\"elementor-element elementor-element-51c9a77 e-flex e-con-boxed e-con e-parent\" data-id=\"51c9a77\" data-element_type=\"container\" data-e-type=\"container\" data-settings=\"{&quot;background_background&quot;:&quot;classic&quot;}\">\n\t\t\t\t\t<div class=\"e-con-inner\">\n\t\t\t\t<div class=\"elementor-element elementor-element-ad877c3 elementor-widget elementor-widget-heading\" data-id=\"ad877c3\" data-element_type=\"widget\" data-e-type=\"widget\" data-widget_type=\"heading.default\">\n\t\t\t\t\t<h2 class=\"elementor-heading-title elementor-size-default\">Zerbitzuak<\/h2>\t\t\t\t<\/div>\n\t\t\t\t\t<\/div>\n\t\t\t\t<\/div>\n\t\t<div class=\"elementor-element elementor-element-e8bdaee e-flex e-con-boxed e-con e-parent\" data-id=\"e8bdaee\" data-element_type=\"container\" data-e-type=\"container\">\n\t\t\t\t\t<div class=\"e-con-inner\">\n\t\t<div class=\"elementor-element elementor-element-c1c1a7d e-con-full e-flex elementor-invisible e-con e-child\" data-id=\"c1c1a7d\" data-element_type=\"container\" data-e-type=\"container\" data-settings=\"{&quot;animation&quot;:&quot;fadeInUp&quot;}\">\n\t\t\t\t<div class=\"elementor-element elementor-element-d6210f2 elementor-cta--skin-classic elementor-animated-content elementor-bg-transform elementor-bg-transform-zoom-in elementor-widget elementor-widget-call-to-action\" data-id=\"d6210f2\" data-element_type=\"widget\" data-e-type=\"widget\" data-widget_type=\"call-to-action.default\">\n\t\t\t\t\t\t\t<div class=\"elementor-cta\">\n\t\t\t\t\t<div class=\"elementor-cta__bg-wrapper\">\n\t\t\t\t<div class=\"elementor-cta__bg elementor-bg\" style=\"background-image: url(https:\/\/fruteriayalimentacion.com\/wp-content\/uploads\/2026\/03\/unnamed-9.webp);\" role=\"img\" aria-label=\"unnamed (9)\"><\/div>\n\t\t\t\t<div class=\"elementor-cta__bg-overlay\"><\/div>\n\t\t\t<\/div>\n\t\t\t\t\t\t\t<div class=\"elementor-cta__content\">\n\t\t\t\t\n\t\t\t\t\t\t\t\t\t<h2 class=\"elementor-cta__title elementor-cta__content-item elementor-content-item\">\n\t\t\t\t\t\tBebidas\t\t\t\t\t<\/h2>\n\t\t\t\t\n\t\t\t\t\t\t\t\t\t<div class=\"elementor-cta__description elementor-cta__content-item elementor-content-item\">\n\t\t\t\t\t\tVariedad de bebidas refrescantes y tradicionales para acompa\u00f1ar cualquier momento del d\u00eda.\t\t\t\t\t<\/div>\n\t\t\t\t\n\t\t\t\t\t\t\t<\/div>\n\t\t\t\t\t\t<\/div>\n\t\t\t\t\t\t<\/div>\n\t\t\t\t<\/div>\n\t\t<div class=\"elementor-element elementor-element-f0733db e-con-full e-flex elementor-invisible e-con e-child\" data-id=\"f0733db\" data-element_type=\"container\" data-e-type=\"container\" data-settings=\"{&quot;animation&quot;:&quot;fadeInUp&quot;}\">\n\t\t\t\t<div class=\"elementor-element elementor-element-6e5f4cd elementor-cta--skin-classic elementor-animated-content elementor-bg-transform elementor-bg-transform-zoom-in elementor-widget elementor-widget-call-to-action\" data-id=\"6e5f4cd\" data-element_type=\"widget\" data-e-type=\"widget\" data-widget_type=\"call-to-action.default\">\n\t\t\t\t\t\t\t<div class=\"elementor-cta\">\n\t\t\t\t\t<div class=\"elementor-cta__bg-wrapper\">\n\t\t\t\t<div class=\"elementor-cta__bg elementor-bg\" style=\"background-image: url(https:\/\/fruteriayalimentacion.com\/wp-content\/uploads\/2026\/03\/unnamed-17.webp);\" role=\"img\" aria-label=\"unnamed (17)\"><\/div>\n\t\t\t\t<div class=\"elementor-cta__bg-overlay\"><\/div>\n\t\t\t<\/div>\n\t\t\t\t\t\t\t<div class=\"elementor-cta__content\">\n\t\t\t\t\n\t\t\t\t\t\t\t\t\t<h2 class=\"elementor-cta__title elementor-cta__content-item elementor-content-item\">\n\t\t\t\t\t\tCongelados\t\t\t\t\t<\/h2>\n\t\t\t\t\n\t\t\t\t\t\t\t\t\t<div class=\"elementor-cta__description elementor-cta__content-item elementor-content-item\">\n\t\t\t\t\t\tProductos congelados que conservan su frescura, sabor y calidad para mayor comodidad y duraci\u00f3n.\t\t\t\t\t<\/div>\n\t\t\t\t\n\t\t\t\t\t\t\t<\/div>\n\t\t\t\t\t\t<\/div>\n\t\t\t\t\t\t<\/div>\n\t\t\t\t<\/div>\n\t\t<div class=\"elementor-element elementor-element-d5d0d3c e-con-full e-flex elementor-invisible e-con e-child\" data-id=\"d5d0d3c\" data-element_type=\"container\" data-e-type=\"container\" data-settings=\"{&quot;animation&quot;:&quot;fadeInUp&quot;}\">\n\t\t\t\t<div class=\"elementor-element elementor-element-cb4be6c elementor-cta--skin-classic elementor-animated-content elementor-bg-transform elementor-bg-transform-zoom-in elementor-widget elementor-widget-call-to-action\" data-id=\"cb4be6c\" data-element_type=\"widget\" data-e-type=\"widget\" data-widget_type=\"call-to-action.default\">\n\t\t\t\t\t\t\t<div class=\"elementor-cta\">\n\t\t\t\t\t<div class=\"elementor-cta__bg-wrapper\">\n\t\t\t\t<div class=\"elementor-cta__bg elementor-bg\" style=\"background-image: url(https:\/\/fruteriayalimentacion.com\/wp-content\/uploads\/2026\/03\/unnamed-14.webp);\" role=\"img\" aria-label=\"unnamed (14)\"><\/div>\n\t\t\t\t<div class=\"elementor-cta__bg-overlay\"><\/div>\n\t\t\t<\/div>\n\t\t\t\t\t\t\t<div class=\"elementor-cta__content\">\n\t\t\t\t\n\t\t\t\t\t\t\t\t\t<h2 class=\"elementor-cta__title elementor-cta__content-item elementor-content-item\">\n\t\t\t\t\t\tProductos latinos\t\t\t\t\t<\/h2>\n\t\t\t\t\n\t\t\t\t\t\t\t\t\t<div class=\"elementor-cta__description elementor-cta__content-item elementor-content-item\">\n\t\t\t\t\t\tProductos aut\u00e9nticos de Latinoam\u00e9rica que mantienen el sabor tradicional y la esencia de cada pa\u00eds.\t\t\t\t\t<\/div>\n\t\t\t\t\n\t\t\t\t\t\t\t<\/div>\n\t\t\t\t\t\t<\/div>\n\t\t\t\t\t\t<\/div>\n\t\t\t\t<\/div>\n\t\t<div class=\"elementor-element elementor-element-3c33703 e-con-full e-flex elementor-invisible e-con e-child\" data-id=\"3c33703\" data-element_type=\"container\" data-e-type=\"container\" data-settings=\"{&quot;animation&quot;:&quot;fadeInUp&quot;}\">\n\t\t\t\t<div class=\"elementor-element elementor-element-4bf6e9f elementor-cta--skin-classic elementor-animated-content elementor-bg-transform elementor-bg-transform-zoom-in elementor-widget elementor-widget-call-to-action\" data-id=\"4bf6e9f\" data-element_type=\"widget\" data-e-type=\"widget\" data-widget_type=\"call-to-action.default\">\n\t\t\t\t\t\t\t<div class=\"elementor-cta\">\n\t\t\t\t\t<div class=\"elementor-cta__bg-wrapper\">\n\t\t\t\t<div class=\"elementor-cta__bg elementor-bg\" style=\"background-image: url(https:\/\/fruteriayalimentacion.com\/wp-content\/uploads\/2026\/03\/unnamed-5.webp);\" role=\"img\" aria-label=\"unnamed (5)\"><\/div>\n\t\t\t\t<div class=\"elementor-cta__bg-overlay\"><\/div>\n\t\t\t<\/div>\n\t\t\t\t\t\t\t<div class=\"elementor-cta__content\">\n\t\t\t\t\n\t\t\t\t\t\t\t\t\t<h2 class=\"elementor-cta__title elementor-cta__content-item elementor-content-item\">\n\t\t\t\t\t\tFrutas y verduras\t\t\t\t\t<\/h2>\n\t\t\t\t\n\t\t\t\t\t\t\t\t\t<div class=\"elementor-cta__description elementor-cta__content-item elementor-content-item\">\n\t\t\t\t\t\tProductos frescos y de calidad, seleccionados para ofrecer sabor natural y frescura en cada compra.\t\t\t\t\t<\/div>\n\t\t\t\t\n\t\t\t\t\t\t\t<\/div>\n\t\t\t\t\t\t<\/div>\n\t\t\t\t\t\t<\/div>\n\t\t\t\t<\/div>\n\t\t\t\t\t<\/div>\n\t\t\t\t<\/div>\n\t\t<div class=\"elementor-element elementor-element-e10409b e-flex e-con-boxed e-con e-parent\" data-id=\"e10409b\" data-element_type=\"container\" data-e-type=\"container\" data-settings=\"{&quot;background_background&quot;:&quot;classic&quot;}\">\n\t\t\t\t\t<div class=\"e-con-inner\">\n\t\t\t\t<div class=\"elementor-element elementor-element-e69712b elementor-widget elementor-widget-heading\" data-id=\"e69712b\" data-element_type=\"widget\" data-e-type=\"widget\" data-widget_type=\"heading.default\">\n\t\t\t\t\t<h2 class=\"elementor-heading-title elementor-size-default\">Fruta fresca, atenci\u00f3n cercana. Cont\u00e1ctanos.<\/h2>\t\t\t\t<\/div>\n\t\t\t\t<div class=\"elementor-element elementor-element-bae14d5 elementor-invisible elementor-widget elementor-widget-button\" data-id=\"bae14d5\" data-element_type=\"widget\" data-e-type=\"widget\" data-settings=\"{&quot;_animation&quot;:&quot;fadeInUp&quot;}\" data-widget_type=\"button.default\">\n\t\t\t\t\t\t\t\t\t\t<a class=\"elementor-button elementor-button-link elementor-size-sm\" href=\"\/eu\/contacto\/\">\n\t\t\t\t\t\t<span class=\"elementor-button-content-wrapper\">\n\t\t\t\t\t\t<span class=\"elementor-button-icon\">\n\t\t\t\t<svg aria-hidden=\"true\" class=\"e-font-icon-svg e-fas-mouse-pointer\" viewbox=\"0 0 320 512\" xmlns=\"http:\/\/www.w3.org\/2000\/svg\"><path d=\"M302.189 329.126H196.105l55.831 135.993c3.889 9.428-.555 19.999-9.444 23.999l-49.165 21.427c-9.165 4-19.443-.571-23.332-9.714l-53.053-129.136-86.664 89.138C18.729 472.71 0 463.554 0 447.977V18.299C0 1.899 19.921-6.096 30.277 5.443l284.412 292.542c11.472 11.179 3.007 31.141-12.5 31.141z\"><\/path><\/svg>\t\t\t<\/span>\n\t\t\t\t\t\t\t\t\t<span class=\"elementor-button-text\">Cont\u00e1ctanos<\/span>\n\t\t\t\t\t<\/span>\n\t\t\t\t\t<\/a>\n\t\t\t\t\t\t\t\t<\/div>\n\t\t\t\t\t<\/div>\n\t\t\t\t<\/div>\n\t\t\t\t<\/div>","protected":false},"excerpt":{"rendered":"<p>Servicios Bebidas Variedad de bebidas refrescantes y tradicionales para acompa\u00f1ar cualquier momento del d\u00eda. Congelados Productos congelados que conservan su frescura, sabor y calidad para mayor comodidad y duraci\u00f3n. Productos latinos Productos aut\u00e9nticos de Latinoam\u00e9rica que mantienen el sabor tradicional y la esencia de cada pa\u00eds. Frutas y verduras Productos frescos y de calidad, seleccionados [&hellip;]<\/p>\n","protected":false},"author":1,"featured_media":0,"parent":0,"menu_order":0,"comment_status":"closed","ping_status":"closed","template":"elementor_canvas","meta":{"footnotes":""},"class_list":["post-11","page","type-page","status-publish","hentry"],"yoast_head":"<!-- This site is optimized with the Yoast SEO plugin v27.4 - https:\/\/yoast.com\/product\/yoast-seo-wordpress\/ -->\n<title>Servicios - Alimentaci\u00f3n y Fruter\u00eda Latino<\/title>\n<meta name=\"robots\" content=\"index, follow, max-snippet:-1, max-image-preview:large, max-video-preview:-1\" \/>\n<link rel=\"canonical\" href=\"https:\/\/fruteriayalimentacion.com\/eu\/servicios\/\" \/>\n<meta property=\"og:locale\" content=\"en_US\" \/>\n<meta property=\"og:type\" content=\"article\" \/>\n<meta property=\"og:title\" content=\"Servicios - Alimentaci\u00f3n y Fruter\u00eda Latino\" \/>\n<meta property=\"og:description\" content=\"Servicios Bebidas Variedad de bebidas refrescantes y tradicionales para acompa\u00f1ar cualquier momento del d\u00eda. Congelados Productos congelados que conservan su frescura, sabor y calidad para mayor comodidad y duraci\u00f3n. Productos latinos Productos aut\u00e9nticos de Latinoam\u00e9rica que mantienen el sabor tradicional y la esencia de cada pa\u00eds. Frutas y verduras Productos frescos y de calidad, seleccionados [&hellip;]\" \/>\n<meta property=\"og:url\" content=\"https:\/\/fruteriayalimentacion.com\/eu\/servicios\/\" \/>\n<meta property=\"og:site_name\" content=\"Alimentaci\u00f3n y Fruter\u00eda Latino\" \/>\n<meta property=\"article:modified_time\" content=\"2026-03-09T12:49:32+00:00\" \/>\n<meta name=\"twitter:card\" content=\"summary_large_image\" \/>\n<meta name=\"twitter:label1\" content=\"Est. reading time\" \/>\n\t<meta name=\"twitter:data1\" content=\"1 minutua\" \/>\n<script type=\"application\/ld+json\" class=\"yoast-schema-graph\">{\"@context\":\"https:\\\/\\\/schema.org\",\"@graph\":[{\"@type\":\"WebPage\",\"@id\":\"https:\\\/\\\/fruteriayalimentacion.com\\\/servicios\\\/\",\"url\":\"https:\\\/\\\/fruteriayalimentacion.com\\\/servicios\\\/\",\"name\":\"Servicios - Alimentaci\u00f3n y Fruter\u00eda Latino\",\"isPartOf\":{\"@id\":\"https:\\\/\\\/fruteriayalimentacion.com\\\/#website\"},\"datePublished\":\"2026-03-09T08:51:22+00:00\",\"dateModified\":\"2026-03-09T12:49:32+00:00\",\"breadcrumb\":{\"@id\":\"https:\\\/\\\/fruteriayalimentacion.com\\\/servicios\\\/#breadcrumb\"},\"inLanguage\":\"eu\",\"potentialAction\":[{\"@type\":\"ReadAction\",\"target\":[\"https:\\\/\\\/fruteriayalimentacion.com\\\/servicios\\\/\"]}]},{\"@type\":\"BreadcrumbList\",\"@id\":\"https:\\\/\\\/fruteriayalimentacion.com\\\/servicios\\\/#breadcrumb\",\"itemListElement\":[{\"@type\":\"ListItem\",\"position\":1,\"name\":\"Portada\",\"item\":\"https:\\\/\\\/fruteriayalimentacion.com\\\/\"},{\"@type\":\"ListItem\",\"position\":2,\"name\":\"Servicios\"}]},{\"@type\":\"WebSite\",\"@id\":\"https:\\\/\\\/fruteriayalimentacion.com\\\/#website\",\"url\":\"https:\\\/\\\/fruteriayalimentacion.com\\\/\",\"name\":\"Alimentaci\u00f3n y Fruter\u00eda Latino\",\"description\":\"\",\"publisher\":{\"@id\":\"https:\\\/\\\/fruteriayalimentacion.com\\\/#organization\"},\"potentialAction\":[{\"@type\":\"SearchAction\",\"target\":{\"@type\":\"EntryPoint\",\"urlTemplate\":\"https:\\\/\\\/fruteriayalimentacion.com\\\/?s={search_term_string}\"},\"query-input\":{\"@type\":\"PropertyValueSpecification\",\"valueRequired\":true,\"valueName\":\"search_term_string\"}}],\"inLanguage\":\"eu\"},{\"@type\":\"Organization\",\"@id\":\"https:\\\/\\\/fruteriayalimentacion.com\\\/#organization\",\"name\":\"Alimentaci\u00f3n y Fruter\u00eda Latino\",\"url\":\"https:\\\/\\\/fruteriayalimentacion.com\\\/\",\"logo\":{\"@type\":\"ImageObject\",\"inLanguage\":\"eu\",\"@id\":\"https:\\\/\\\/fruteriayalimentacion.com\\\/#\\\/schema\\\/logo\\\/image\\\/\",\"url\":\"https:\\\/\\\/fruteriayalimentacion.com\\\/wp-content\\\/uploads\\\/2026\\\/03\\\/arshidnoreen202506_logo_web-scaled.png\",\"contentUrl\":\"https:\\\/\\\/fruteriayalimentacion.com\\\/wp-content\\\/uploads\\\/2026\\\/03\\\/arshidnoreen202506_logo_web-scaled.png\",\"width\":2560,\"height\":158,\"caption\":\"Alimentaci\u00f3n y Fruter\u00eda Latino\"},\"image\":{\"@id\":\"https:\\\/\\\/fruteriayalimentacion.com\\\/#\\\/schema\\\/logo\\\/image\\\/\"}}]}<\/script>\n<!-- \/ Yoast SEO plugin. -->","yoast_head_json":{"title":"Servicios - Alimentaci\u00f3n y Fruter\u00eda Latino","robots":{"index":"index","follow":"follow","max-snippet":"max-snippet:-1","max-image-preview":"max-image-preview:large","max-video-preview":"max-video-preview:-1"},"canonical":"https:\/\/fruteriayalimentacion.com\/eu\/servicios\/","og_locale":"en_US","og_type":"article","og_title":"Servicios - Alimentaci\u00f3n y Fruter\u00eda Latino","og_description":"Servicios Bebidas Variedad de bebidas refrescantes y tradicionales para acompa\u00f1ar cualquier momento del d\u00eda. Congelados Productos congelados que conservan su frescura, sabor y calidad para mayor comodidad y duraci\u00f3n. Productos latinos Productos aut\u00e9nticos de Latinoam\u00e9rica que mantienen el sabor tradicional y la esencia de cada pa\u00eds. Frutas y verduras Productos frescos y de calidad, seleccionados [&hellip;]","og_url":"https:\/\/fruteriayalimentacion.com\/eu\/servicios\/","og_site_name":"Alimentaci\u00f3n y Fruter\u00eda Latino","article_modified_time":"2026-03-09T12:49:32+00:00","twitter_card":"summary_large_image","twitter_misc":{"Est. reading time":"1 minutua"},"schema":{"@context":"https:\/\/schema.org","@graph":[{"@type":"WebPage","@id":"https:\/\/fruteriayalimentacion.com\/servicios\/","url":"https:\/\/fruteriayalimentacion.com\/servicios\/","name":"Servicios - Alimentaci\u00f3n y Fruter\u00eda Latino","isPartOf":{"@id":"https:\/\/fruteriayalimentacion.com\/#website"},"datePublished":"2026-03-09T08:51:22+00:00","dateModified":"2026-03-09T12:49:32+00:00","breadcrumb":{"@id":"https:\/\/fruteriayalimentacion.com\/servicios\/#breadcrumb"},"inLanguage":"eu","potentialAction":[{"@type":"ReadAction","target":["https:\/\/fruteriayalimentacion.com\/servicios\/"]}]},{"@type":"BreadcrumbList","@id":"https:\/\/fruteriayalimentacion.com\/servicios\/#breadcrumb","itemListElement":[{"@type":"ListItem","position":1,"name":"Portada","item":"https:\/\/fruteriayalimentacion.com\/"},{"@type":"ListItem","position":2,"name":"Servicios"}]},{"@type":"WebSite","@id":"https:\/\/fruteriayalimentacion.com\/#website","url":"https:\/\/fruteriayalimentacion.com\/","name":"Alimentaci\u00f3n y Fruter\u00eda Latino","description":"","publisher":{"@id":"https:\/\/fruteriayalimentacion.com\/#organization"},"potentialAction":[{"@type":"SearchAction","target":{"@type":"EntryPoint","urlTemplate":"https:\/\/fruteriayalimentacion.com\/?s={search_term_string}"},"query-input":{"@type":"PropertyValueSpecification","valueRequired":true,"valueName":"search_term_string"}}],"inLanguage":"eu"},{"@type":"Organization","@id":"https:\/\/fruteriayalimentacion.com\/#organization","name":"Alimentaci\u00f3n y Fruter\u00eda Latino","url":"https:\/\/fruteriayalimentacion.com\/","logo":{"@type":"ImageObject","inLanguage":"eu","@id":"https:\/\/fruteriayalimentacion.com\/#\/schema\/logo\/image\/","url":"https:\/\/fruteriayalimentacion.com\/wp-content\/uploads\/2026\/03\/arshidnoreen202506_logo_web-scaled.png","contentUrl":"https:\/\/fruteriayalimentacion.com\/wp-content\/uploads\/2026\/03\/arshidnoreen202506_logo_web-scaled.png","width":2560,"height":158,"caption":"Alimentaci\u00f3n y Fruter\u00eda Latino"},"image":{"@id":"https:\/\/fruteriayalimentacion.com\/#\/schema\/logo\/image\/"}}]}},"_links":{"self":[{"href":"https:\/\/fruteriayalimentacion.com\/eu\/wp-json\/wp\/v2\/pages\/11","targetHints":{"allow":["GET"]}}],"collection":[{"href":"https:\/\/fruteriayalimentacion.com\/eu\/wp-json\/wp\/v2\/pages"}],"about":[{"href":"https:\/\/fruteriayalimentacion.com\/eu\/wp-json\/wp\/v2\/types\/page"}],"author":[{"embeddable":true,"href":"https:\/\/fruteriayalimentacion.com\/eu\/wp-json\/wp\/v2\/users\/1"}],"replies":[{"embeddable":true,"href":"https:\/\/fruteriayalimentacion.com\/eu\/wp-json\/wp\/v2\/comments?post=11"}],"version-history":[{"count":58,"href":"https:\/\/fruteriayalimentacion.com\/eu\/wp-json\/wp\/v2\/pages\/11\/revisions"}],"predecessor-version":[{"id":288,"href":"https:\/\/fruteriayalimentacion.com\/eu\/wp-json\/wp\/v2\/pages\/11\/revisions\/288"}],"wp:attachment":[{"href":"https:\/\/fruteriayalimentacion.com\/eu\/wp-json\/wp\/v2\/media?parent=11"}],"curies":[{"name":"wp","href":"https:\/\/api.w.org\/{rel}","templated":true}]}}